{"id":30,"date":"2025-03-13T13:28:17","date_gmt":"2025-03-13T12:28:17","guid":{"rendered":"https:\/\/cocooon.fr\/?page_id=30"},"modified":"2025-07-25T15:57:36","modified_gmt":"2025-07-25T13:57:36","slug":"homepage","status":"publish","type":"page","link":"https:\/\/cocooon.fr\/","title":{"rendered":"Accueil"},"content":{"rendered":"<div class=\"wp-block-cover alignfull is-light\" style=\"min-height:543px;aspect-ratio:unset;\"><video class=\"wp-block-cover__video-background intrinsic-ignore\" autoplay muted loop playsinline src=\"https:\/\/demo.wpzoom.com\/inspiro-lite\/files\/2022\/03\/Pexels-Videos-1409899-1.mp4\" data-object-fit=\"cover\"><\/video><span aria-hidden=\"true\" class=\"wp-block-cover__background has-background-dim-20 has-background-dim\"><\/span><div class=\"wp-block-cover__inner-container has-global-padding is-layout-constrained wp-block-cover-is-layout-constrained\"><p class=\"has-text-align-center has-white-color has-text-color has-max-60-font-size\" style=\"font-style:normal;font-weight:900;line-height:1.2\"><strong>Confort  Design  Excellence <\/strong><\/p>\n\n<div style=\"height:14px\" aria-hidden=\"true\" class=\"wp-block-spacer\"><\/div>\n\n<p class=\"has-text-align-center has-white-color has-text-color has-medium-font-size\">Cr\u00e9ateur de d\u00e9coration ext\u00e9rieure<\/p>\n\n<div style=\"height:33px\" aria-hidden=\"true\" class=\"wp-block-spacer\"><\/div>\n\n<div class=\"wp-block-buttons is-content-justification-center is-layout-flex wp-container-core-buttons-is-layout-a89b3969 wp-block-buttons-is-layout-flex\"><div class=\"wp-block-button is-style-outline is-style-outline--1\"><a class=\"wp-block-button__link has-white-color has-text-color wp-element-button\" href=\"https:\/\/cocooon.fr\/?page_id=31\" style=\"border-radius:0px\">En savoir plus<\/a><\/div><\/div><\/div><\/div><div class=\"wp-block-group has-global-padding is-layout-constrained wp-block-group-is-layout-constrained\"><div style=\"height:57px\" aria-hidden=\"true\" class=\"wp-block-spacer\"><\/div>\n\n<h2 class=\"wp-block-heading has-text-align-center has-medium-font-size\" style=\"letter-spacing:1px\">COCOOON FRANCE<\/h2>\n\n<p class=\"has-text-align-center\">Depuis 10 ans, Cocooon France incarne l&#8217;art du mobilier d&#8217;ext\u00e9rieur haut de gamme, alliant \u00e9l\u00e9gance, confort et innovation. Fond\u00e9e par Christophe Guillotin, notre marque s&#8217;engage \u00e0 cr\u00e9er des pi\u00e8ces uniques qui subliment vos espaces ext\u00e9rieurs. Que vous soyez s\u00e9duit par l&#8217;\u00e9l\u00e9gance intemporelle de notre collection Croisette ou le charme naturel de la collection Rhuys, chaque cr\u00e9ation est con\u00e7ue avec passion et savoir-faire pour offrir \u00e0 votre jardin un cadre de vie raffin\u00e9 et confortable. D\u00e9couvrez un univers o\u00f9 le design se marie parfaitement avec la fonctionnalit\u00e9 et la dur\u00e9e<\/p>\n\n<div class=\"wp-block-buttons is-horizontal is-content-justification-center is-layout-flex wp-container-core-buttons-is-layout-03627597 wp-block-buttons-is-layout-flex\"><div class=\"wp-block-button is-style-outline is-style-outline--2\"><a class=\"wp-block-button__link has-small-font-size has-custom-font-size wp-element-button\" href=\"https:\/\/cocooon.fr\/?page_id=31\" style=\"border-radius:0px\">\u00c0-propos<\/a><\/div><\/div>\n\n<div style=\"height:57px\" aria-hidden=\"true\" class=\"wp-block-spacer\"><\/div><\/div><div id=\"services\" class=\"wp-block-group alignfull pattern_multiple_covers has-background has-global-padding is-layout-constrained wp-block-group-is-layout-constrained\"><p class=\"has-text-align-left has-secondary-color has-text-color\" style=\"letter-spacing:1px\"><a href=\"https:\/\/cocooon.fr\/?page_id=107\" data-type=\"page\" data-id=\"107\">Les collections<\/a><\/p>\n\n<h2 class=\"wp-block-heading has-text-align-left\">D\u00e9couvrez nos cr\u00e9ations<\/h2>\n\n<p class=\"has-text-align-left\">Chez Cocooon France, chaque collection est une invitation \u00e0 l\u2019\u00e9l\u00e9gance et au confort. Con\u00e7ues pour sublimer vos espaces ext\u00e9rieurs, nos cr\u00e9ations allient design raffin\u00e9 et mat\u00e9riaux de qualit\u00e9. Que vous soyez s\u00e9duit par la sophistication de la <strong>collection Croisette<\/strong>, le charme intemporel de la <strong>collection Rhuys<\/strong>, ou une autre de nos lignes, chaque pi\u00e8ce est pens\u00e9e pour cr\u00e9er un univers ext\u00e9rieur \u00e0 la hauteur de vos attentes.<\/p>\n\n<div style=\"height:46px;width:0px\" aria-hidden=\"true\" class=\"wp-block-spacer\"><\/div>\n\n<div class=\"wp-block-columns is-layout-flex wp-container-core-columns-is-layout-28f84493 wp-block-columns-is-layout-flex\"><div class=\"wp-block-column is-layout-flow wp-block-column-is-layout-flow\" style=\"padding-top:0;padding-right:0;padding-bottom:0;padding-left:0\"><div class=\"wp-block-cover has-custom-content-position is-position-bottom-left wp-duotone-101010-ffffff-3\" style=\"padding-top:var(--wp--preset--spacing--small);padding-right:var(--wp--preset--spacing--x-small);padding-bottom:var(--wp--preset--spacing--small);padding-left:var(--wp--preset--spacing--x-small)\"><img loading=\"lazy\" decoding=\"async\" width=\"1922\" height=\"2560\" class=\"wp-block-cover__image-background wp-image-66\" alt=\"\" src=\"https:\/\/cocooon.fr\/wp-content\/uploads\/2025\/03\/croisette-hvP1070145cv-scaled.jpg\" data-object-fit=\"cover\" srcset=\"https:\/\/cocooon.fr\/wp-content\/uploads\/2025\/03\/croisette-hvP1070145cv-scaled.jpg 1922w, https:\/\/cocooon.fr\/wp-content\/uploads\/2025\/03\/croisette-hvP1070145cv-225x300.jpg 225w, https:\/\/cocooon.fr\/wp-content\/uploads\/2025\/03\/croisette-hvP1070145cv-769x1024.jpg 769w\" sizes=\"auto, (max-width: 1922px) 100vw, 1922px\" \/><span aria-hidden=\"true\" class=\"wp-block-cover__background has-primary-background-color has-background-dim-70 has-background-dim\"><\/span><div class=\"wp-block-cover__inner-container is-layout-flow wp-block-cover-is-layout-flow\"><h3 class=\"wp-block-heading has-white-color has-text-color has-medium-font-size\" style=\"margin-top:0;margin-right:0;margin-bottom:0;margin-left:0\">Salon<\/h3>\n\n<p class=\"has-secondary-color has-text-color has-link-color wp-elements-7c5fa8793bac1edc14fa775bb2f00c27\" style=\"margin-top:0;margin-right:0;margin-bottom:0;margin-left:0\"><a href=\"https:\/\/cocooon.fr\/?page_id=107\" data-type=\"page\" data-id=\"107\">D\u00e9couvrir \u2192<\/a><\/p><\/div><\/div><\/div>\n\n<div class=\"wp-block-column is-layout-flow wp-block-column-is-layout-flow\" style=\"padding-top:0;padding-right:0;padding-bottom:0;padding-left:0\"><div class=\"wp-block-cover has-custom-content-position is-position-bottom-left wp-duotone-101010-ffffff-4\" style=\"padding-top:var(--wp--preset--spacing--small);padding-right:var(--wp--preset--spacing--x-small);padding-bottom:var(--wp--preset--spacing--small);padding-left:var(--wp--preset--spacing--x-small)\"><img loading=\"lazy\" decoding=\"async\" width=\"1707\" height=\"2560\" class=\"wp-block-cover__image-background wp-image-68\" alt=\"\" src=\"https:\/\/cocooon.fr\/wp-content\/uploads\/2025\/03\/Rhyus.jpg\" data-object-fit=\"cover\" srcset=\"https:\/\/cocooon.fr\/wp-content\/uploads\/2025\/03\/Rhyus.jpg 1707w, https:\/\/cocooon.fr\/wp-content\/uploads\/2025\/03\/Rhyus-200x300.jpg 200w, https:\/\/cocooon.fr\/wp-content\/uploads\/2025\/03\/Rhyus-683x1024.jpg 683w\" sizes=\"auto, (max-width: 1707px) 100vw, 1707px\" \/><span aria-hidden=\"true\" class=\"wp-block-cover__background has-primary-background-color has-background-dim-70 has-background-dim\"><\/span><div class=\"wp-block-cover__inner-container is-layout-flow wp-block-cover-is-layout-flow\"><h3 class=\"wp-block-heading has-white-color has-text-color has-medium-font-size\" style=\"margin-top:0;margin-right:0;margin-bottom:0;margin-left:0\">Transat<\/h3>\n\n<p class=\"has-secondary-color has-text-color has-link-color wp-elements-af8ebda0d7d27e3d98039ef250e32897\" style=\"margin-top:0;margin-right:0;margin-bottom:0;margin-left:0\"><a href=\"#\">D\u00e9couvrir \u2192<\/a><\/p><\/div><\/div><\/div>\n\n<div class=\"wp-block-column is-layout-flow wp-block-column-is-layout-flow\" style=\"padding-top:0;padding-right:0;padding-bottom:0;padding-left:0\"><div class=\"wp-block-cover has-custom-content-position is-position-bottom-left wp-duotone-101010-ffffff-5\" style=\"padding-top:var(--wp--preset--spacing--small);padding-right:var(--wp--preset--spacing--x-small);padding-bottom:var(--wp--preset--spacing--small);padding-left:var(--wp--preset--spacing--x-small)\"><img loading=\"lazy\" decoding=\"async\" width=\"1280\" height=\"1920\" class=\"wp-block-cover__image-background wp-image-67\" alt=\"\" src=\"https:\/\/cocooon.fr\/wp-content\/uploads\/2025\/03\/arson.jpg\" data-object-fit=\"cover\" srcset=\"https:\/\/cocooon.fr\/wp-content\/uploads\/2025\/03\/arson.jpg 1280w, https:\/\/cocooon.fr\/wp-content\/uploads\/2025\/03\/arson-200x300.jpg 200w, https:\/\/cocooon.fr\/wp-content\/uploads\/2025\/03\/arson-683x1024.jpg 683w\" sizes=\"auto, (max-width: 1280px) 100vw, 1280px\" \/><span aria-hidden=\"true\" class=\"wp-block-cover__background has-primary-background-color has-background-dim-70 has-background-dim\"><\/span><div class=\"wp-block-cover__inner-container is-layout-flow wp-block-cover-is-layout-flow\"><h3 class=\"wp-block-heading has-white-color has-text-color has-medium-font-size\" style=\"margin-top:0;margin-right:0;margin-bottom:0;margin-left:0\">Fauteuil<\/h3>\n\n<p class=\"has-secondary-color has-text-color has-link-color wp-elements-af8ebda0d7d27e3d98039ef250e32897\" style=\"margin-top:0;margin-right:0;margin-bottom:0;margin-left:0\"><a href=\"#\">D\u00e9couvrir \u2192<\/a><\/p><\/div><\/div><\/div>\n\n<div class=\"wp-block-column is-layout-flow wp-block-column-is-layout-flow\"><div class=\"wp-block-cover has-custom-content-position is-position-bottom-left wp-duotone-101010-ffffff-6\" style=\"padding-top:var(--wp--preset--spacing--small);padding-right:var(--wp--preset--spacing--x-small);padding-bottom:var(--wp--preset--spacing--small);padding-left:var(--wp--preset--spacing--x-small)\"><img loading=\"lazy\" decoding=\"async\" width=\"1280\" height=\"1920\" class=\"wp-block-cover__image-background wp-image-67\" alt=\"\" src=\"https:\/\/cocooon.fr\/wp-content\/uploads\/2025\/03\/arson.jpg\" data-object-fit=\"cover\" srcset=\"https:\/\/cocooon.fr\/wp-content\/uploads\/2025\/03\/arson.jpg 1280w, https:\/\/cocooon.fr\/wp-content\/uploads\/2025\/03\/arson-200x300.jpg 200w, https:\/\/cocooon.fr\/wp-content\/uploads\/2025\/03\/arson-683x1024.jpg 683w\" sizes=\"auto, (max-width: 1280px) 100vw, 1280px\" \/><span aria-hidden=\"true\" class=\"wp-block-cover__background has-primary-background-color has-background-dim-70 has-background-dim\"><\/span><div class=\"wp-block-cover__inner-container is-layout-flow wp-block-cover-is-layout-flow\"><h3 class=\"wp-block-heading has-white-color has-text-color has-medium-font-size\" style=\"margin-top:0;margin-right:0;margin-bottom:0;margin-left:0\">Bain de soleil<\/h3>\n\n<p class=\"has-secondary-color has-text-color has-link-color wp-elements-af8ebda0d7d27e3d98039ef250e32897\" style=\"margin-top:0;margin-right:0;margin-bottom:0;margin-left:0\"><a href=\"#\">D\u00e9couvrir \u2192<\/a><\/p><\/div><\/div><\/div><\/div>\n\n<div class=\"wp-block-buttons is-content-justification-center is-layout-flex wp-container-core-buttons-is-layout-a89b3969 wp-block-buttons-is-layout-flex\"><div class=\"wp-block-button is-style-fill\"><a class=\"wp-block-button__link wp-element-button\">Retrouvez toutes nos collections<\/a><\/div><\/div>\n\n<\/div><div class=\"wp-block-group alignfull has-global-padding is-content-justification-center is-layout-constrained wp-container-core-group-is-layout-df757ecc wp-block-group-is-layout-constrained\" style=\"margin-top:0;margin-bottom:0;padding-top:calc( 0.5 * var(--wp--style--root--padding-right, var(--wp--custom--gap--horizontal)));padding-right:var(--wp--style--root--padding-right, var(--wp--custom--gap--horizontal));padding-bottom:calc( 0.5 * var(--wp--style--root--padding-right, var(--wp--custom--gap--horizontal)));padding-left:var(--wp--style--root--padding-left, var(--wp--custom--gap--horizontal))\"><div style=\"height:calc( 0.25 * var(--wp--style--root--padding-right, var(--wp--custom--gap--horizontal)))\" aria-hidden=\"true\" class=\"wp-block-spacer\"><\/div>\n\n<div style=\"height:calc( 0.25 * var(--wp--style--root--padding-right, var(--wp--custom--gap--horizontal)))\" aria-hidden=\"true\" class=\"wp-block-spacer\"><\/div><\/div><style type=\"text\/css\">.zoom-instagram.feed-182{font-size:30px!important;background-color:#ffffff!important;padding:100px!important;}.zoom-instagram.feed-182 .zoom-instagram-widget__items{display:grid!important;grid-template-columns:repeat(3,1fr);}.zoom-instagram.feed-182 .zoom-instagram-widget__items{gap:3px!important;}.zoom-instagram.feed-182 .wpz-insta-view-on-insta-button{background-color:#1e73be!important;}<\/style>\n<div class=\"zoom-instagram feed-182 aligncenter layout-grid columns-3 spacing-3 perpage-3\"><header class=\"zoom-instagram-widget__header\"><div class=\"zoom-instagram-widget__header-column-left\"><img decoding=\"async\" src=\"https:\/\/cocooon.fr\/wp-content\/uploads\/2025\/03\/485622971_1348340576206327_2102725665249533656_n-150x150.jpg\" alt=\"@cocooon_france\" width=\"70\"\/><\/div><div class=\"zoom-instagram-widget__header-column-right\"><h5 class=\"zoom-instagram-widget__header-name\">Cocooon France<\/h5><p class=\"zoom-instagram-widget__header-user\"><a href=\"https:\/\/www.instagram.com\/cocooon_france\" target=\"_blank\" rel=\"nofollow\">@cocooon_france<\/a><\/p><div class=\"zoom-instagram-widget__header-bio\">COCOOON, mobilier ext\u00e9rieur de tr\u00e8s haute qualit\u00e9, 100% outdoor est d\u00e9sormais disponible en France m\u00e9tropolitaine<\/div><\/div><\/header><div class=\"zoom-instagram-widget__items-wrapper\"><ul class=\"zoom-instagram-widget__items zoom-instagram-widget__items--no-js layout-grid\" data-layout=\"grid\" data-spacing=\"3\" data-perpage=\"3\"><li class=\"zoom-instagram-widget__item media-icons-normal media-icons-hover\" data-media-id=\"17890262973332099\"data-nonce=\"d1345d0f97\"data-regenerate-thumbnails=\"1\"data-media-type=\"video\"><div class=\"zoom-instagram-widget__item-inner-wrap\"><img class=\"zoom-instagram-link zoom-instagram-link-new\"  data-src=\"https:\/\/cocooon.fr\/wp-content\/uploads\/2025\/03\/659905821_1627605668707104_4880901838930062619_n-361x640.jpg\" data-mfp-src=\"17890262973332099\" width=\"361\" height=\"640\" alt=\"\" \/><div class=\"hover-layout zoom-instagram-widget__overlay zoom-instagram-widget__black small\"><svg class=\"svg-icon\" shape-rendering=\"geometricPrecision\"><use xlink:href=\"https:\/\/cocooon.fr\/wp-content\/plugins\/instagram-widget-by-wpzoom\/dist\/images\/frontend\/wpzoom-instagram-icons.svg#video\"><\/use><\/svg><div class=\"zoom-instagram-icon-wrap\"><a class=\"zoom-svg-instagram-stroke\" href=\"https:\/\/www.instagram.com\/reel\/DWnwvZ4Ap72\/\" rel=\"noopener nofollow\" target=\"_blank\" title=\"\"><\/a><\/div>\n    \t\t\t\t\t<a class=\"zoom-instagram-link\" data-src=\"https:\/\/cocooon.fr\/wp-content\/uploads\/2025\/03\/659905821_1627605668707104_4880901838930062619_n-361x640.jpg\" data-mfp-src=\"17890262973332099\" href=\"https:\/\/www.instagram.com\/reel\/DWnwvZ4Ap72\/\" target=\"_blank\" rel=\"noopener nofollow\" title=\"\"><\/a>\n    \t\t\t\t\t<\/div><\/div><\/li><li class=\"zoom-instagram-widget__item media-icons-normal media-icons-hover\" data-media-id=\"18571762168048828\"data-nonce=\"283355e00c\"data-regenerate-thumbnails=\"1\"data-media-type=\"image\"><div class=\"zoom-instagram-widget__item-inner-wrap\"><img class=\"zoom-instagram-link zoom-instagram-link-new\"  data-src=\"https:\/\/cocooon.fr\/wp-content\/uploads\/2025\/03\/659015255_17892938982442404_2895985060406713291_n-640x640.jpg\" data-mfp-src=\"18571762168048828\" width=\"640\" height=\"640\" alt=\"\" \/><div class=\"hover-layout zoom-instagram-widget__overlay zoom-instagram-widget__black small\"><div class=\"zoom-instagram-icon-wrap\"><a class=\"zoom-svg-instagram-stroke\" href=\"https:\/\/www.instagram.com\/p\/DWnweU9gtGq\/\" rel=\"noopener nofollow\" target=\"_blank\" title=\"\"><\/a><\/div>\n    \t\t\t\t\t<a class=\"zoom-instagram-link\" data-src=\"https:\/\/cocooon.fr\/wp-content\/uploads\/2025\/03\/659015255_17892938982442404_2895985060406713291_n-640x640.jpg\" data-mfp-src=\"18571762168048828\" href=\"https:\/\/www.instagram.com\/p\/DWnweU9gtGq\/\" target=\"_blank\" rel=\"noopener nofollow\" title=\"\"><\/a>\n    \t\t\t\t\t<\/div><\/div><\/li><li class=\"zoom-instagram-widget__item media-icons-normal media-icons-hover\" data-media-id=\"17913463170166162\"data-nonce=\"dd0cfacb0f\"data-regenerate-thumbnails=\"1\"data-media-type=\"image\"><div class=\"zoom-instagram-widget__item-inner-wrap\"><img class=\"zoom-instagram-link zoom-instagram-link-new\"  data-src=\"https:\/\/cocooon.fr\/wp-content\/uploads\/2025\/03\/658456740_17892938937442404_8427789685694039455_n-640x640.jpg\" data-mfp-src=\"17913463170166162\" width=\"640\" height=\"640\" alt=\"\" \/><div class=\"hover-layout zoom-instagram-widget__overlay zoom-instagram-widget__black small\"><div class=\"zoom-instagram-icon-wrap\"><a class=\"zoom-svg-instagram-stroke\" href=\"https:\/\/www.instagram.com\/p\/DWnwZiQAhqH\/\" rel=\"noopener nofollow\" target=\"_blank\" title=\"\"><\/a><\/div>\n    \t\t\t\t\t<a class=\"zoom-instagram-link\" data-src=\"https:\/\/cocooon.fr\/wp-content\/uploads\/2025\/03\/658456740_17892938937442404_8427789685694039455_n-640x640.jpg\" data-mfp-src=\"17913463170166162\" href=\"https:\/\/www.instagram.com\/p\/DWnwZiQAhqH\/\" target=\"_blank\" rel=\"noopener nofollow\" title=\"\"><\/a>\n    \t\t\t\t\t<\/div><\/div><\/li><\/ul><\/div><div class=\"zoom-instagram-widget__footer\"><a href=\"https:\/\/www.instagram.com\/cocooon_france\" target=\"_blank\" rel=\"noopener nofollow\" class=\"wpz-button wpz-button-primary wpz-insta-view-on-insta-button\"><span class=\"button-icon zoom-svg-instagram-stroke\"><\/span> Voir sur instagram<\/a><\/div><\/div><div class=\"wp-block-cover alignfull has-parallax is-position-center-center\" style=\"border-radius:0px\"><div class=\"wp-block-cover__image-background wp-image-24 has-parallax\" style=\"background-position:50% 50%;background-image:url(https:\/\/cocooon.fr\/wp-content\/themes\/inspiro\/assets\/images\/StockSnap_89BQZ89TLH.jpg)\"><\/div><span aria-hidden=\"true\" class=\"wp-block-cover__background has-black-background-color has-background-dim-40 has-background-dim\"><\/span><div class=\"wp-block-cover__inner-container is-layout-flow wp-block-cover-is-layout-flow\"><div class=\"wp-block-group has-global-padding is-layout-constrained wp-block-group-is-layout-constrained\"><h3 class=\"wp-block-heading has-text-align-center has-text-color has-medium-font-size\" style=\"color:#fffffa;text-transform:uppercase\">Nos engagements<\/h3>\n\n<p class=\"has-text-align-center has-white-color has-text-color\">Teck rustique issu de vielles charpentes ou de boutres, contr\u00f4l\u00e9 et r\u00e9glement\u00e9 par le gouvernement, avec certification de l usine de transformation pour v\u00e9rification par les douanes import pour l\u2019 UE.<\/p>\n\n<div style=\"height:31px\" aria-hidden=\"true\" class=\"wp-block-spacer\"><\/div>\n\n<div class=\"wp-block-buttons is-horizontal is-content-justification-center is-layout-flex wp-container-core-buttons-is-layout-03627597 wp-block-buttons-is-layout-flex\"><div class=\"wp-block-button is-style-outline is-style-outline--7\"><a class=\"wp-block-button__link has-white-color has-text-color wp-element-button\" href=\"#\" style=\"border-radius:0px\">En savoir plus<\/a><\/div><\/div><\/div><\/div><\/div><div id=\"team\" class=\"wp-block-group has-global-padding is-layout-constrained wp-block-group-is-layout-constrained\"><div class=\"wp-block-group is-layout-flow wp-block-group-is-layout-flow\"><h2 class=\"wp-block-heading\"><a href=\"https:\/\/cocooon.fr\/?page_id=31\" data-type=\"page\" data-id=\"31\">Nous contacter<\/a><\/h2>\n\n<div style=\"height:27px\" aria-hidden=\"true\" class=\"wp-block-spacer\"><\/div>\n\n<div style=\"height:0px\" aria-hidden=\"true\" class=\"wp-block-spacer\"><\/div>\n\n<div class=\"wp-block-columns is-layout-flex wp-container-core-columns-is-layout-28f84493 wp-block-columns-is-layout-flex\"><div class=\"wp-block-column is-style-default is-layout-flow wp-block-column-is-layout-flow\" style=\"border-style:none;border-width:0px;padding-top:0;padding-right:0;padding-bottom:0;padding-left:0\"><figure class=\"wp-block-image size-full is-style-default\"><img loading=\"lazy\" decoding=\"async\" width=\"1920\" height=\"2560\" src=\"http:\/\/cocooon.fr\/wp-content\/uploads\/2025\/03\/IMG_0359-1-scaled.jpg\" alt=\"\" class=\"wp-image-56\" style=\"aspect-ratio:3\/4;object-fit:cover\" srcset=\"https:\/\/cocooon.fr\/wp-content\/uploads\/2025\/03\/IMG_0359-1-scaled.jpg 1920w, https:\/\/cocooon.fr\/wp-content\/uploads\/2025\/03\/IMG_0359-1-225x300.jpg 225w, https:\/\/cocooon.fr\/wp-content\/uploads\/2025\/03\/IMG_0359-1-768x1024.jpg 768w, https:\/\/cocooon.fr\/wp-content\/uploads\/2025\/03\/IMG_0359-1-2000x2667.jpg 2000w\" sizes=\"auto, (max-width: 1920px) 100vw, 1920px\" \/><\/figure>\n\n<h3 class=\"wp-block-heading\">Christophe<\/h3>\n\n<p class=\"has-tertiary-color has-text-color has-link-color wp-elements-16c23b82d8b81fb291b01ee0d928eae6\">Fondateur \/ CEO<\/p>\n\n<p>This is some dummy copy. You\u2019re not really supposed to read this dummy copy, it is just a place holder for people who need some type.<\/p><\/div>\n\n<div class=\"wp-block-column is-style-default is-layout-flow wp-block-column-is-layout-flow\" style=\"border-style:none;border-width:0px;padding-top:0;padding-right:0;padding-bottom:0;padding-left:0\"><figure class=\"wp-block-image size-full\"><img loading=\"lazy\" decoding=\"async\" width=\"1575\" height=\"1968\" src=\"http:\/\/cocooon.fr\/wp-content\/uploads\/2025\/03\/DSC02095_edited.jpg\" alt=\"\" class=\"wp-image-57\" style=\"aspect-ratio:3\/4;object-fit:cover\" srcset=\"https:\/\/cocooon.fr\/wp-content\/uploads\/2025\/03\/DSC02095_edited.jpg 1575w, https:\/\/cocooon.fr\/wp-content\/uploads\/2025\/03\/DSC02095_edited-240x300.jpg 240w, https:\/\/cocooon.fr\/wp-content\/uploads\/2025\/03\/DSC02095_edited-820x1024.jpg 820w\" sizes=\"auto, (max-width: 1575px) 100vw, 1575px\" \/><\/figure>\n\n<h3 class=\"wp-block-heading\">L\u00e9na<\/h3>\n\n<p class=\"has-tertiary-color has-text-color has-link-color wp-elements-d3214b0c32215232af7d45215d1172df\">Community manager<\/p>\n\n<p>This is some dummy copy. You\u2019re not really supposed to read this dummy copy, it is just a place holder for people who need some type.<\/p><\/div>\n\n<div class=\"wp-block-column is-style-default is-layout-flow wp-block-column-is-layout-flow\" style=\"border-style:none;border-width:0px;padding-top:0;padding-right:0;padding-bottom:0;padding-left:0\"><figure class=\"wp-block-image size-full\"><img decoding=\"async\" src=\"https:\/\/cocooon.fr\/wp-content\/themes\/inspiro\/assets\/images\/team3.jpg\" alt=\"\" class=\"wp-image-7405\" style=\"aspect-ratio:3\/4;object-fit:cover\"\/><\/figure>\n\n<h3 class=\"wp-block-heading\">Arthur<\/h3>\n\n<p class=\"has-tertiary-color has-text-color has-link-color wp-elements-64496d51986eaea244d65c28ff8bdda0\">Logistique<\/p>\n\n<p>This is some dummy copy. You\u2019re not really supposed to read this dummy copy, it is just a place holder for people who need some type.<\/p><\/div><\/div>\n\n<div style=\"height:81px\" aria-hidden=\"true\" class=\"wp-block-spacer\"><\/div><\/div><\/div><p><\/p>","protected":false},"excerpt":{"rendered":"<p>COCOOON FRANCE Depuis 10 ans, Cocooon France incarne l&#8217;art du mobilier d&#8217;ext\u00e9rieur haut de gamme, alliant \u00e9l\u00e9gance, confort et innovation. Fond\u00e9e par Christophe Guillotin, notre marque s&#8217;engage \u00e0 cr\u00e9er des pi\u00e8ces uniques qui subliment vos espaces ext\u00e9rieurs. Que vous soyez s\u00e9duit par l&#8217;\u00e9l\u00e9gance intemporelle de notre collection Croisette ou le charme naturel de la collection &hellip; <\/p>\n<p class=\"link-more\"><a href=\"https:\/\/cocooon.fr\/\" class=\"more-link\">Read more<span class=\"screen-reader-text\"> &#8220;Accueil&#8221;<\/span><\/a><\/p>\n","protected":false},"author":1,"featured_media":0,"parent":0,"menu_order":0,"comment_status":"closed","ping_status":"closed","template":"page-templates\/homepage-no-hero.php","meta":{"footnotes":""},"class_list":["post-30","page","type-page","status-publish","hentry"],"featured_media_urls":[],"_links":{"self":[{"href":"https:\/\/cocooon.fr\/index.php?rest_route=\/wp\/v2\/pages\/30","targetHints":{"allow":["GET"]}}],"collection":[{"href":"https:\/\/cocooon.fr\/index.php?rest_route=\/wp\/v2\/pages"}],"about":[{"href":"https:\/\/cocooon.fr\/index.php?rest_route=\/wp\/v2\/types\/page"}],"author":[{"embeddable":true,"href":"https:\/\/cocooon.fr\/index.php?rest_route=\/wp\/v2\/users\/1"}],"replies":[{"embeddable":true,"href":"https:\/\/cocooon.fr\/index.php?rest_route=%2Fwp%2Fv2%2Fcomments&post=30"}],"version-history":[{"count":45,"href":"https:\/\/cocooon.fr\/index.php?rest_route=\/wp\/v2\/pages\/30\/revisions"}],"predecessor-version":[{"id":308,"href":"https:\/\/cocooon.fr\/index.php?rest_route=\/wp\/v2\/pages\/30\/revisions\/308"}],"wp:attachment":[{"href":"https:\/\/cocooon.fr\/index.php?rest_route=%2Fwp%2Fv2%2Fmedia&parent=30"}],"curies":[{"name":"wp","href":"https:\/\/api.w.org\/{rel}","templated":true}]}}