{"id":31,"date":"2025-03-13T13:28:17","date_gmt":"2025-03-13T12:28:17","guid":{"rendered":"https:\/\/cocooon.fr\/?page_id=31"},"modified":"2025-07-25T15:48:39","modified_gmt":"2025-07-25T13:48:39","slug":"about","status":"publish","type":"page","link":"https:\/\/cocooon.fr\/?page_id=31","title":{"rendered":""},"content":{"rendered":"<p><\/p><h2 class=\"wp-block-heading has-large-font-size\" id=\"inspiro-is-a-digital-product-agency-that-focuses-on-strategy-and-design\" style=\"font-style:normal;font-weight:100\"><strong>Contactez-nous<\/strong><\/h2><h2 class=\"wp-block-heading\"><strong>Notre \u00e9quipes est la pour r\u00e9pondre \u00e0 vos besoins<\/strong><\/h2><div class=\"wpforms-container wpforms-container-full wpforms-block wpforms-block-52291150-699e-4fb1-a4e2-92e7bca0e2b8 wpforms-render-modern\" id=\"wpforms-164\"><form id=\"wpforms-form-164\" class=\"wpforms-validate wpforms-form wpforms-ajax-form\" data-formid=\"164\" method=\"post\" enctype=\"multipart\/form-data\" action=\"\/index.php?rest_route=%2Fwp%2Fv2%2Fpages%2F31\" data-token=\"ab32bbc9681b5f065eda2d150c4e8202\" data-token-time=\"1776430244\"><noscript class=\"wpforms-error-noscript\">Please enable JavaScript in your browser to complete this form.<\/noscript><div class=\"wpforms-hidden\" id=\"wpforms-error-noscript\">Please enable JavaScript in your browser to complete this form.<\/div><div class=\"wpforms-field-container\"><div id=\"wpforms-164-field_1-container\" class=\"wpforms-field wpforms-field-name\" data-field-id=\"1\"><fieldset><legend class=\"wpforms-field-label\">Nom <span class=\"wpforms-required-label\" aria-hidden=\"true\">*<\/span><\/legend><div class=\"wpforms-field-row wpforms-field-medium\"><div class=\"wpforms-field-row-block wpforms-first wpforms-one-half\"><input type=\"text\" id=\"wpforms-164-field_1\" class=\"wpforms-field-name-first wpforms-field-required\" name=\"wpforms[fields][1][first]\" aria-errormessage=\"wpforms-164-field_1-error\" required><label for=\"wpforms-164-field_1\" class=\"wpforms-field-sublabel after\">First<\/label><\/div><div class=\"wpforms-field-row-block wpforms-one-half\"><input type=\"text\" id=\"wpforms-164-field_1-last\" class=\"wpforms-field-name-last wpforms-field-required\" name=\"wpforms[fields][1][last]\" aria-errormessage=\"wpforms-164-field_1-last-error\" required><label for=\"wpforms-164-field_1-last\" class=\"wpforms-field-sublabel after\">Last<\/label><\/div><\/div><\/fieldset><\/div><div id=\"wpforms-164-field_4-container\" class=\"wpforms-field wpforms-field-text\" data-field-id=\"4\"><label class=\"wpforms-field-label\" for=\"wpforms-164-field_4\">Entreprise<\/label><input type=\"text\" id=\"wpforms-164-field_4\" class=\"wpforms-field-medium\" name=\"wpforms[fields][4]\" aria-errormessage=\"wpforms-164-field_4-error\" ><\/div><div id=\"wpforms-164-field_5-container\" class=\"wpforms-field wpforms-field-text\" data-field-id=\"5\"><label class=\"wpforms-field-label\" for=\"wpforms-164-field_5\">Adresse <span class=\"wpforms-required-label\" aria-hidden=\"true\">*<\/span><\/label><input type=\"text\" id=\"wpforms-164-field_5\" class=\"wpforms-field-large wpforms-field-required\" name=\"wpforms[fields][5]\" aria-errormessage=\"wpforms-164-field_5-error\" required><\/div><div id=\"wpforms-164-field_6-container\" class=\"wpforms-field wpforms-field-text\" data-field-id=\"6\"><label class=\"wpforms-field-label\" for=\"wpforms-164-field_6\">Code postal <span class=\"wpforms-required-label\" aria-hidden=\"true\">*<\/span><\/label><input type=\"text\" id=\"wpforms-164-field_6\" class=\"wpforms-field-small wpforms-field-required\" name=\"wpforms[fields][6]\" aria-errormessage=\"wpforms-164-field_6-error\" required><\/div><div id=\"wpforms-164-field_7-container\" class=\"wpforms-field wpforms-field-text\" data-field-id=\"7\"><label class=\"wpforms-field-label\" for=\"wpforms-164-field_7\">Ville <span class=\"wpforms-required-label\" aria-hidden=\"true\">*<\/span><\/label><input type=\"text\" id=\"wpforms-164-field_7\" class=\"wpforms-field-small wpforms-field-required\" name=\"wpforms[fields][7]\" aria-errormessage=\"wpforms-164-field_7-error\" required><\/div><div id=\"wpforms-164-field_8-container\" class=\"wpforms-field wpforms-field-text\" data-field-id=\"8\"><label class=\"wpforms-field-label\" for=\"wpforms-164-field_8\">T\u00e9l\u00e9phone<\/label><input type=\"text\" id=\"wpforms-164-field_8\" class=\"wpforms-field-small\" name=\"wpforms[fields][8]\" aria-errormessage=\"wpforms-164-field_8-error\" ><\/div><div id=\"wpforms-164-field_2-container\" class=\"wpforms-field wpforms-field-email\" data-field-id=\"2\"><label class=\"wpforms-field-label\" for=\"wpforms-164-field_2\">E-mail <span class=\"wpforms-required-label\" aria-hidden=\"true\">*<\/span><\/label><input type=\"email\" id=\"wpforms-164-field_2\" class=\"wpforms-field-medium wpforms-field-required\" name=\"wpforms[fields][2]\" spellcheck=\"false\" aria-errormessage=\"wpforms-164-field_2-error\" required><\/div><div id=\"wpforms-164-field_9-container\" class=\"wpforms-field wpforms-field-radio wpforms-list-inline\" data-field-id=\"9\"><fieldset><legend class=\"wpforms-field-label\">Votre profession <span class=\"wpforms-required-label\" aria-hidden=\"true\">*<\/span><\/legend><ul id=\"wpforms-164-field_9\" class=\"wpforms-field-required\"><li class=\"choice-1 depth-1\"><input type=\"radio\" id=\"wpforms-164-field_9_1\" name=\"wpforms[fields][9]\" value=\"Particulier\" aria-errormessage=\"wpforms-164-field_9_1-error\" required ><label class=\"wpforms-field-label-inline\" for=\"wpforms-164-field_9_1\">Particulier<\/label><\/li><li class=\"choice-2 depth-1\"><input type=\"radio\" id=\"wpforms-164-field_9_2\" name=\"wpforms[fields][9]\" value=\"Architecte\" aria-errormessage=\"wpforms-164-field_9_2-error\" required ><label class=\"wpforms-field-label-inline\" for=\"wpforms-164-field_9_2\">Architecte<\/label><\/li><li class=\"choice-3 depth-1\"><input type=\"radio\" id=\"wpforms-164-field_9_3\" name=\"wpforms[fields][9]\" value=\"revendeur\" aria-errormessage=\"wpforms-164-field_9_3-error\" required ><label class=\"wpforms-field-label-inline\" for=\"wpforms-164-field_9_3\">revendeur<\/label><\/li><li class=\"choice-4 depth-1\"><input type=\"radio\" id=\"wpforms-164-field_9_4\" name=\"wpforms[fields][9]\" value=\"Journaliste\" aria-errormessage=\"wpforms-164-field_9_4-error\" required ><label class=\"wpforms-field-label-inline\" for=\"wpforms-164-field_9_4\">Journaliste<\/label><\/li><li class=\"choice-5 depth-1\"><input type=\"radio\" id=\"wpforms-164-field_9_5\" name=\"wpforms[fields][9]\" value=\"Autre\" aria-errormessage=\"wpforms-164-field_9_5-error\" required ><label class=\"wpforms-field-label-inline\" for=\"wpforms-164-field_9_5\">Autre<\/label><\/li><\/ul><\/fieldset><\/div><div id=\"wpforms-164-field_11-container\" class=\"wpforms-field wpforms-field-select wpforms-field-select-style-classic\" data-field-id=\"11\"><label class=\"wpforms-field-label\" for=\"wpforms-164-field_11\">Comment avez-vous connu notre entreprise ?<\/label><select id=\"wpforms-164-field_11\" class=\"wpforms-field-medium\" name=\"wpforms[fields][11]\"><option value=\"R\u00e9seaux\" >R\u00e9seaux<\/option><option value=\"revendeur\" >revendeur<\/option><option value=\"Architecte\" >Architecte<\/option><option value=\"\u00c9v\u00e9nements &amp; foires\" >\u00c9v\u00e9nements &amp; foires<\/option><option value=\"Connaissances\" >Connaissances<\/option><option value=\"Autre\" >Autre<\/option><\/select><\/div><div id=\"wpforms-164-field_3-container\" class=\"wpforms-field wpforms-field-textarea\" data-field-id=\"3\"><label class=\"wpforms-field-label\" for=\"wpforms-164-field_3\">Commentaire ou message<\/label><textarea id=\"wpforms-164-field_3\" class=\"wpforms-field-medium\" name=\"wpforms[fields][3]\" aria-errormessage=\"wpforms-164-field_3-error\" ><\/textarea><\/div><div id=\"wpforms-164-field_12-container\" class=\"wpforms-field wpforms-field-checkbox\" data-field-id=\"12\"><fieldset><legend class=\"wpforms-field-label\">J\u2019ai lu et compris la politique de confidentialit\u00e9 et :<\/legend><ul id=\"wpforms-164-field_12\"><li class=\"choice-1 depth-1\"><input type=\"checkbox\" id=\"wpforms-164-field_12_1\" name=\"wpforms[fields][12][]\" value=\"J\u2019autorise le traitement de mes donn\u00e9es personnelles pour recevoir des newsletters et des documents d\u2019information\" aria-errormessage=\"wpforms-164-field_12_1-error\"  ><label class=\"wpforms-field-label-inline\" for=\"wpforms-164-field_12_1\">J\u2019autorise le traitement de mes donn\u00e9es personnelles pour recevoir des newsletters et des documents d\u2019information<\/label><\/li><\/ul><\/fieldset><\/div><div id=\"wpforms-164-field_14-container\" class=\"wpforms-field wpforms-field-checkbox\" data-field-id=\"14\"><fieldset><legend class=\"wpforms-field-label\"><\/legend><ul id=\"wpforms-164-field_14\"><li class=\"choice-1 depth-1\"><input type=\"checkbox\" id=\"wpforms-164-field_14_1\" name=\"wpforms[fields][14][]\" value=\"J\u2019autorise la communication de mes donn\u00e9es personnelles \u00e0 des tiers (revendeurs locaux dans votre r\u00e9gion..) dans le respect des finalit\u00e9s du traitement\" aria-errormessage=\"wpforms-164-field_14_1-error\"  ><label class=\"wpforms-field-label-inline\" for=\"wpforms-164-field_14_1\">J\u2019autorise la communication de mes donn\u00e9es personnelles \u00e0 des tiers (revendeurs locaux dans votre r\u00e9gion..) dans le respect des finalit\u00e9s du traitement<\/label><\/li><\/ul><\/fieldset><\/div><\/div><!-- .wpforms-field-container --><div class=\"wpforms-submit-container\" ><input type=\"hidden\" name=\"wpforms[id]\" value=\"164\"><input type=\"hidden\" name=\"page_title\" value=\"\"><input type=\"hidden\" name=\"page_url\" value=\"https:\/\/cocooon.fr\/index.php?rest_route=\/wp\/v2\/pages\/31\"><input type=\"hidden\" name=\"url_referer\" value=\"\"><button type=\"submit\" name=\"wpforms[submit]\" id=\"wpforms-submit-164\" class=\"wpforms-submit\" data-alt-text=\"Envoi...\" data-submit-text=\"Envoyer\" aria-live=\"assertive\" value=\"wpforms-submit\">Envoyer<\/button><img loading=\"lazy\" decoding=\"async\" src=\"https:\/\/cocooon.fr\/wp-content\/plugins\/wpforms-lite\/assets\/images\/submit-spin.svg\" class=\"wpforms-submit-spinner\" style=\"display: none;\" width=\"26\" height=\"26\" alt=\"Loading\"><\/div><\/form><\/div>  <!-- .wpforms-container --><div class=\"wp-block-columns alignwide is-layout-flex wp-container-core-columns-is-layout-28f84493 wp-block-columns-is-layout-flex\"><div class=\"wp-block-column is-layout-flow wp-block-column-is-layout-flow\"><p class=\"has-text-color\" style=\"color:#7a7a7a\"><\/p><\/div><\/div><div style=\"height:100px\" aria-hidden=\"true\" class=\"wp-block-spacer\"><\/div><ul class=\"wp-block-social-links is-layout-flex wp-block-social-links-is-layout-flex\"><\/ul><p><\/p>","protected":false},"excerpt":{"rendered":"<p>Contactez-nous Notre \u00e9quipes est la pour r\u00e9pondre \u00e0 vos besoins<\/p>\n","protected":false},"author":1,"featured_media":0,"parent":0,"menu_order":0,"comment_status":"closed","ping_status":"closed","template":"","meta":{"footnotes":""},"class_list":["post-31","page","type-page","status-publish","hentry"],"featured_media_urls":[],"_links":{"self":[{"href":"https:\/\/cocooon.fr\/index.php?rest_route=\/wp\/v2\/pages\/31","targetHints":{"allow":["GET"]}}],"collection":[{"href":"https:\/\/cocooon.fr\/index.php?rest_route=\/wp\/v2\/pages"}],"about":[{"href":"https:\/\/cocooon.fr\/index.php?rest_route=\/wp\/v2\/types\/page"}],"author":[{"embeddable":true,"href":"https:\/\/cocooon.fr\/index.php?rest_route=\/wp\/v2\/users\/1"}],"replies":[{"embeddable":true,"href":"https:\/\/cocooon.fr\/index.php?rest_route=%2Fwp%2Fv2%2Fcomments&post=31"}],"version-history":[{"count":11,"href":"https:\/\/cocooon.fr\/index.php?rest_route=\/wp\/v2\/pages\/31\/revisions"}],"predecessor-version":[{"id":304,"href":"https:\/\/cocooon.fr\/index.php?rest_route=\/wp\/v2\/pages\/31\/revisions\/304"}],"wp:attachment":[{"href":"https:\/\/cocooon.fr\/index.php?rest_route=%2Fwp%2Fv2%2Fmedia&parent=31"}],"curies":[{"name":"wp","href":"https:\/\/api.w.org\/{rel}","templated":true}]}}