{"id":112,"date":"2025-03-19T07:43:34","date_gmt":"2025-03-19T06:43:34","guid":{"rendered":"https:\/\/cocooon.fr\/?post_type=product&#038;p=112"},"modified":"2025-07-25T16:19:54","modified_gmt":"2025-07-25T14:19:54","slug":"arson","status":"publish","type":"product","link":"https:\/\/cocooon.fr\/?product=arson","title":{"rendered":"ARSON"},"content":{"rendered":"<p>Teck brut et inox de renfort<\/p>\n<p>Largeur : 70<\/p>\n<p>Profondeur : 85<\/p>\n<p>Hauteur : 65<\/p>\n<p>Hauteur d&#8217; assise : 30<\/p>\n","protected":false},"excerpt":{"rendered":"<p>Transat ARSON<\/p>\n<p>confortable, chic, unique<\/p>\n<p>(mod\u00e8le prot\u00e9g\u00e9 INPI)<\/p>\n","protected":false},"featured_media":323,"template":"","meta":[],"product_brand":[],"product_cat":[19],"product_tag":[],"class_list":{"0":"post-112","1":"product","2":"type-product","3":"status-publish","4":"has-post-thumbnail","6":"product_cat-salons","8":"first","9":"instock","10":"featured","11":"virtual","12":"purchasable","13":"product-type-simple"},"featured_media_urls":{"thumbnail":["https:\/\/cocooon.fr\/wp-content\/uploads\/2025\/03\/1-1-150x150.png",150,150,true],"medium":["https:\/\/cocooon.fr\/wp-content\/uploads\/2025\/03\/1-1-300x300.png",300,300,true],"medium_large":["https:\/\/cocooon.fr\/wp-content\/uploads\/2025\/03\/1-1.png",768,768,false],"large":["https:\/\/cocooon.fr\/wp-content\/uploads\/2025\/03\/1-1-1024x1024.png",950,950,true],"1536x1536":["https:\/\/cocooon.fr\/wp-content\/uploads\/2025\/03\/1-1.png",1080,1080,false],"2048x2048":["https:\/\/cocooon.fr\/wp-content\/uploads\/2025\/03\/1-1.png",1080,1080,false],"inspiro-featured-image":["https:\/\/cocooon.fr\/wp-content\/uploads\/2025\/03\/1-1.png",1080,1080,false],"inspiro-loop":["https:\/\/cocooon.fr\/wp-content\/uploads\/2025\/03\/1-1-950x320.png",950,320,true],"inspiro-loop@2x":["https:\/\/cocooon.fr\/wp-content\/uploads\/2025\/03\/1-1-1080x640.png",1080,640,true],"woocommerce_thumbnail":["https:\/\/cocooon.fr\/wp-content\/uploads\/2025\/03\/1-1-300x300.png",300,300,true],"woocommerce_single":["https:\/\/cocooon.fr\/wp-content\/uploads\/2025\/03\/1-1-600x600.png",600,600,true],"woocommerce_gallery_thumbnail":["https:\/\/cocooon.fr\/wp-content\/uploads\/2025\/03\/1-1-100x100.png",100,100,true],"portfolio_item-thumbnail":["https:\/\/cocooon.fr\/wp-content\/uploads\/2025\/03\/1-1-600x400.png",600,400,true],"portfolio_item-thumbnail@2x":["https:\/\/cocooon.fr\/wp-content\/uploads\/2025\/03\/1-1-1080x800.png",1080,800,true],"portfolio_item-masonry":["https:\/\/cocooon.fr\/wp-content\/uploads\/2025\/03\/1-1-600x600.png",600,600,true],"portfolio_item-masonry@2x":["https:\/\/cocooon.fr\/wp-content\/uploads\/2025\/03\/1-1.png",1080,1080,false],"portfolio_item-thumbnail_cinema":["https:\/\/cocooon.fr\/wp-content\/uploads\/2025\/03\/1-1-800x335.png",800,335,true],"portfolio_item-thumbnail_portrait":["https:\/\/cocooon.fr\/wp-content\/uploads\/2025\/03\/1-1-600x900.png",600,900,true],"portfolio_item-thumbnail_portrait@2x":["https:\/\/cocooon.fr\/wp-content\/uploads\/2025\/03\/1-1.png",1080,1080,false],"portfolio_item-thumbnail_square":["https:\/\/cocooon.fr\/wp-content\/uploads\/2025\/03\/1-1-800x800.png",800,800,true]},"_links":{"self":[{"href":"https:\/\/cocooon.fr\/index.php?rest_route=\/wp\/v2\/product\/112","targetHints":{"allow":["GET"]}}],"collection":[{"href":"https:\/\/cocooon.fr\/index.php?rest_route=\/wp\/v2\/product"}],"about":[{"href":"https:\/\/cocooon.fr\/index.php?rest_route=\/wp\/v2\/types\/product"}],"wp:featuredmedia":[{"embeddable":true,"href":"https:\/\/cocooon.fr\/index.php?rest_route=\/wp\/v2\/media\/323"}],"wp:attachment":[{"href":"https:\/\/cocooon.fr\/index.php?rest_route=%2Fwp%2Fv2%2Fmedia&parent=112"}],"wp:term":[{"taxonomy":"product_brand","embeddable":true,"href":"https:\/\/cocooon.fr\/index.php?rest_route=%2Fwp%2Fv2%2Fproduct_brand&post=112"},{"taxonomy":"product_cat","embeddable":true,"href":"https:\/\/cocooon.fr\/index.php?rest_route=%2Fwp%2Fv2%2Fproduct_cat&post=112"},{"taxonomy":"product_tag","embeddable":true,"href":"https:\/\/cocooon.fr\/index.php?rest_route=%2Fwp%2Fv2%2Fproduct_tag&post=112"}],"curies":[{"name":"wp","href":"https:\/\/api.w.org\/{rel}","templated":true}]}}