{"id":117,"date":"2025-03-19T08:12:57","date_gmt":"2025-03-19T07:12:57","guid":{"rendered":"https:\/\/cocooon.fr\/?post_type=product&#038;p=117"},"modified":"2025-07-25T16:35:46","modified_gmt":"2025-07-25T14:35:46","slug":"rhuys","status":"publish","type":"product","link":"https:\/\/cocooon.fr\/?product=rhuys","title":{"rendered":"RHUYS"},"content":{"rendered":"<p>Teck rustique issu de vielles charpentes ou de boutres, contr\u00f4l\u00e9 et r\u00e9glement\u00e9 par le gouvernement, avec certification de l usine de transformation pour v\u00e9rification par les douanes import pour l&#8217; UE.<\/p>\n<p>Coussins d\u2019assise \u00e9paisseur 20cm , dossier oreiller 15cm.<\/p>\n<p>Tables basse<\/p>\n<p>table &#8220;S&#8221;\u00a0 \u00a060 x 60 x 24 : 779\u20ac\u00a0 \u00a0(\u00e9p. 5 cm &#8211;\u00a0 17 kgs)<\/p>\n<p>table &#8220;M&#8221;\u00a0 \u00a075 x 75 x 31 : 910\u20ac\u00a0 \u00a0(\u00e9p. 5 cm &#8211;\u00a0 28 kgs)<\/p>\n<p>table &#8220;L&#8221;\u00a0 \u00a090 x 90 x 38 : 1029\u20ac\u00a0 \u00a0(\u00e9p. 5 cm &#8211;\u00a0 39 kgs)<\/p>\n<p>***\u00a0 pouf 80 x 80 x 40 : 983 \u20ac\u00a0 (19 kgs)\u00a0 ***<\/p>\n<p><em>option:<\/em> Housse de protection d\u00e9perlante et ajustable \u00e0 partir de 130 \u20ac pour\u00a0 170 x 95 x 70\u00a0 \u00a0 \u00a0 \u00a0 \u00a0 \u00a0 \u00a0 \u00a0 \u00a0 (+imperm\u00e9able et +anti UV)<\/p>\n<p><strong>3 finitions de tissus avec les coussins 1er rang assortis<\/strong><\/p>\n<ul>\n<li>ambiance nature: housses principales : brun chin\u00e9\u00a0 \/ 1er rang: feuillage blanc-beige avec passepoil corail ou bleu ou noir<\/li>\n<li>ambiance oc\u00e9an :housses principales: bleu chin\u00e9 \/ 1er rang: bleu fonc\u00e9 brut avec passepoil rouge chin\u00e9 ou blanc<\/li>\n<li>ambiance \u00e9l\u00e9gance: housses principales: beige clair \/ 1er rang: blanc cass\u00e9 structur\u00e9 avec passepoil taupe ou citrouille<\/li>\n<\/ul>\n","protected":false},"excerpt":{"rendered":"<p>Teck rustique issu de vielles charpentes ou de boutres, contr\u00f4l\u00e9 et r\u00e9glement\u00e9 par le gouvernement, avec certification de l usine de transformation pour v\u00e9rification par les douanes import pour l&#8217; UE. Coussins d\u2019assise \u00e9paisseur 20cm , dossier oreiller 15cm. Tables basse table &#8220;S&#8221;\u00a0 \u00a060 x 60 x 24 : 779\u20ac\u00a0 \u00a0(\u00e9p. 5 cm &#8211;\u00a0 17 &hellip; <\/p>\n<p class=\"link-more\"><a href=\"https:\/\/cocooon.fr\/?product=rhuys\" class=\"more-link\">Read more<span class=\"screen-reader-text\"> &#8220;RHUYS&#8221;<\/span><\/a><\/p>\n","protected":false},"featured_media":121,"template":"","meta":[],"product_brand":[],"product_cat":[19],"product_tag":[],"class_list":{"0":"post-117","1":"product","2":"type-product","3":"status-publish","4":"has-post-thumbnail","6":"product_cat-salons","8":"first","9":"instock","10":"featured","11":"shipping-taxable","12":"purchasable","13":"product-type-simple"},"featured_media_urls":{"thumbnail":["https:\/\/cocooon.fr\/wp-content\/uploads\/2025\/03\/IMG_3040-150x150.jpg",150,150,true],"medium":["https:\/\/cocooon.fr\/wp-content\/uploads\/2025\/03\/IMG_3040-200x300.jpg",200,300,true],"medium_large":["https:\/\/cocooon.fr\/wp-content\/uploads\/2025\/03\/IMG_3040-scaled.jpg",768,1152,false],"large":["https:\/\/cocooon.fr\/wp-content\/uploads\/2025\/03\/IMG_3040-683x1024.jpg",683,1024,true],"1536x1536":["https:\/\/cocooon.fr\/wp-content\/uploads\/2025\/03\/IMG_3040-scaled-1024x1536.jpg",1024,1536,true],"2048x2048":["https:\/\/cocooon.fr\/wp-content\/uploads\/2025\/03\/IMG_3040-scaled-1366x2048.jpg",1366,2048,true],"inspiro-featured-image":["https:\/\/cocooon.fr\/wp-content\/uploads\/2025\/03\/IMG_3040-2000x3000.jpg",2000,3000,true],"inspiro-loop":["https:\/\/cocooon.fr\/wp-content\/uploads\/2025\/03\/IMG_3040-950x320.jpg",950,320,true],"inspiro-loop@2x":["https:\/\/cocooon.fr\/wp-content\/uploads\/2025\/03\/IMG_3040-1900x640.jpg",1900,640,true],"woocommerce_thumbnail":["https:\/\/cocooon.fr\/wp-content\/uploads\/2025\/03\/IMG_3040-scaled-300x300.jpg",300,300,true],"woocommerce_single":["https:\/\/cocooon.fr\/wp-content\/uploads\/2025\/03\/IMG_3040-scaled-600x900.jpg",600,900,true],"woocommerce_gallery_thumbnail":["https:\/\/cocooon.fr\/wp-content\/uploads\/2025\/03\/IMG_3040-scaled-100x100.jpg",100,100,true],"portfolio_item-thumbnail":["https:\/\/cocooon.fr\/wp-content\/uploads\/2025\/03\/IMG_3040-scaled-600x400.jpg",600,400,true],"portfolio_item-thumbnail@2x":["https:\/\/cocooon.fr\/wp-content\/uploads\/2025\/03\/IMG_3040-scaled-1200x800.jpg",1200,800,true],"portfolio_item-masonry":["https:\/\/cocooon.fr\/wp-content\/uploads\/2025\/03\/IMG_3040-scaled-600x900.jpg",600,900,true],"portfolio_item-masonry@2x":["https:\/\/cocooon.fr\/wp-content\/uploads\/2025\/03\/IMG_3040-scaled-1200x1800.jpg",1200,1800,true],"portfolio_item-thumbnail_cinema":["https:\/\/cocooon.fr\/wp-content\/uploads\/2025\/03\/IMG_3040-scaled-800x335.jpg",800,335,true],"portfolio_item-thumbnail_portrait":["https:\/\/cocooon.fr\/wp-content\/uploads\/2025\/03\/IMG_3040-scaled-600x900.jpg",600,900,true],"portfolio_item-thumbnail_portrait@2x":["https:\/\/cocooon.fr\/wp-content\/uploads\/2025\/03\/IMG_3040-scaled-1200x1800.jpg",1200,1800,true],"portfolio_item-thumbnail_square":["https:\/\/cocooon.fr\/wp-content\/uploads\/2025\/03\/IMG_3040-scaled-800x800.jpg",800,800,true]},"_links":{"self":[{"href":"https:\/\/cocooon.fr\/index.php?rest_route=\/wp\/v2\/product\/117","targetHints":{"allow":["GET"]}}],"collection":[{"href":"https:\/\/cocooon.fr\/index.php?rest_route=\/wp\/v2\/product"}],"about":[{"href":"https:\/\/cocooon.fr\/index.php?rest_route=\/wp\/v2\/types\/product"}],"wp:featuredmedia":[{"embeddable":true,"href":"https:\/\/cocooon.fr\/index.php?rest_route=\/wp\/v2\/media\/121"}],"wp:attachment":[{"href":"https:\/\/cocooon.fr\/index.php?rest_route=%2Fwp%2Fv2%2Fmedia&parent=117"}],"wp:term":[{"taxonomy":"product_brand","embeddable":true,"href":"https:\/\/cocooon.fr\/index.php?rest_route=%2Fwp%2Fv2%2Fproduct_brand&post=117"},{"taxonomy":"product_cat","embeddable":true,"href":"https:\/\/cocooon.fr\/index.php?rest_route=%2Fwp%2Fv2%2Fproduct_cat&post=117"},{"taxonomy":"product_tag","embeddable":true,"href":"https:\/\/cocooon.fr\/index.php?rest_route=%2Fwp%2Fv2%2Fproduct_tag&post=117"}],"curies":[{"name":"wp","href":"https:\/\/api.w.org\/{rel}","templated":true}]}}