{"id":309,"date":"2025-07-25T16:11:44","date_gmt":"2025-07-25T14:11:44","guid":{"rendered":"https:\/\/cocooon.fr\/?post_type=product&#038;p=309"},"modified":"2025-07-25T16:12:13","modified_gmt":"2025-07-25T14:12:13","slug":"croisette-2","status":"publish","type":"product","link":"https:\/\/cocooon.fr\/?product=croisette-2","title":{"rendered":"CROISETTE"},"content":{"rendered":"","protected":false},"excerpt":{"rendered":"<p class=\"p1\">Collection CROISETTE<\/p>\n<p class=\"p1\">Du teck recycl\u00e9, de la r\u00e9sine tress\u00e9e et de fabuleux coussins, voil\u00e0 les ingr\u00e9dients pour vous accueillir confortablement. Mais aussi des lignes m\u00eal\u00e9es, par ses courbes et ses perspectives droites de balustres et de planches.<span class=\"Apple-converted-space\">\u00a0<\/span><\/p>\n<p class=\"p1\">Imaginez votre espace am\u00e9nag\u00e9 avec canap\u00e9s, fauteuils et coussins moelleux dans les tons de votre choix. Un trio de tables basses se superposant pour s\u2019adapter \u00e0 chaque occasion. Et le magnifique pouf tout en rondeur.<\/p>\n<p class=\"p1\">Tous les \u00e9l\u00e9ments de la collection CROISETTE apporteront la touche finale pour donner tout son caract\u00e8re \u00e0 votre terrasse.<\/p>\n<p class=\"p3\">COCOOON mobilier d\u2019ext\u00e9rieur<\/p>\n","protected":false},"featured_media":313,"template":"","meta":[],"product_brand":[],"product_cat":[18],"product_tag":[],"class_list":{"0":"post-309","1":"product","2":"type-product","3":"status-publish","4":"has-post-thumbnail","6":"product_cat-non-classe","8":"first","9":"instock","10":"shipping-taxable","11":"purchasable","12":"product-type-simple"},"featured_media_urls":{"thumbnail":["https:\/\/cocooon.fr\/wp-content\/uploads\/2025\/07\/4-150x150.png",150,150,true],"medium":["https:\/\/cocooon.fr\/wp-content\/uploads\/2025\/07\/4-300x300.png",300,300,true],"medium_large":["https:\/\/cocooon.fr\/wp-content\/uploads\/2025\/07\/4.png",768,768,false],"large":["https:\/\/cocooon.fr\/wp-content\/uploads\/2025\/07\/4-1024x1024.png",950,950,true],"1536x1536":["https:\/\/cocooon.fr\/wp-content\/uploads\/2025\/07\/4.png",1080,1080,false],"2048x2048":["https:\/\/cocooon.fr\/wp-content\/uploads\/2025\/07\/4.png",1080,1080,false],"inspiro-featured-image":["https:\/\/cocooon.fr\/wp-content\/uploads\/2025\/07\/4.png",1080,1080,false],"inspiro-loop":["https:\/\/cocooon.fr\/wp-content\/uploads\/2025\/07\/4-950x320.png",950,320,true],"inspiro-loop@2x":["https:\/\/cocooon.fr\/wp-content\/uploads\/2025\/07\/4-1080x640.png",1080,640,true],"woocommerce_thumbnail":["https:\/\/cocooon.fr\/wp-content\/uploads\/2025\/07\/4-300x300.png",300,300,true],"woocommerce_single":["https:\/\/cocooon.fr\/wp-content\/uploads\/2025\/07\/4-600x600.png",600,600,true],"woocommerce_gallery_thumbnail":["https:\/\/cocooon.fr\/wp-content\/uploads\/2025\/07\/4-100x100.png",100,100,true],"portfolio_item-thumbnail":["https:\/\/cocooon.fr\/wp-content\/uploads\/2025\/07\/4-600x400.png",600,400,true],"portfolio_item-thumbnail@2x":["https:\/\/cocooon.fr\/wp-content\/uploads\/2025\/07\/4-1080x800.png",1080,800,true],"portfolio_item-masonry":["https:\/\/cocooon.fr\/wp-content\/uploads\/2025\/07\/4-600x600.png",600,600,true],"portfolio_item-masonry@2x":["https:\/\/cocooon.fr\/wp-content\/uploads\/2025\/07\/4.png",1080,1080,false],"portfolio_item-thumbnail_cinema":["https:\/\/cocooon.fr\/wp-content\/uploads\/2025\/07\/4-800x335.png",800,335,true],"portfolio_item-thumbnail_portrait":["https:\/\/cocooon.fr\/wp-content\/uploads\/2025\/07\/4-600x900.png",600,900,true],"portfolio_item-thumbnail_portrait@2x":["https:\/\/cocooon.fr\/wp-content\/uploads\/2025\/07\/4.png",1080,1080,false],"portfolio_item-thumbnail_square":["https:\/\/cocooon.fr\/wp-content\/uploads\/2025\/07\/4-800x800.png",800,800,true]},"_links":{"self":[{"href":"https:\/\/cocooon.fr\/index.php?rest_route=\/wp\/v2\/product\/309","targetHints":{"allow":["GET"]}}],"collection":[{"href":"https:\/\/cocooon.fr\/index.php?rest_route=\/wp\/v2\/product"}],"about":[{"href":"https:\/\/cocooon.fr\/index.php?rest_route=\/wp\/v2\/types\/product"}],"wp:featuredmedia":[{"embeddable":true,"href":"https:\/\/cocooon.fr\/index.php?rest_route=\/wp\/v2\/media\/313"}],"wp:attachment":[{"href":"https:\/\/cocooon.fr\/index.php?rest_route=%2Fwp%2Fv2%2Fmedia&parent=309"}],"wp:term":[{"taxonomy":"product_brand","embeddable":true,"href":"https:\/\/cocooon.fr\/index.php?rest_route=%2Fwp%2Fv2%2Fproduct_brand&post=309"},{"taxonomy":"product_cat","embeddable":true,"href":"https:\/\/cocooon.fr\/index.php?rest_route=%2Fwp%2Fv2%2Fproduct_cat&post=309"},{"taxonomy":"product_tag","embeddable":true,"href":"https:\/\/cocooon.fr\/index.php?rest_route=%2Fwp%2Fv2%2Fproduct_tag&post=309"}],"curies":[{"name":"wp","href":"https:\/\/api.w.org\/{rel}","templated":true}]}}